{"id":1683,"date":"2016-12-22T16:20:23","date_gmt":"2016-12-22T15:20:23","guid":{"rendered":"https:\/\/lotnisko.lubuskie.pl\/dla-podroznych\/dojazd\/autobusem\/"},"modified":"2022-07-07T13:26:56","modified_gmt":"2022-07-07T11:26:56","slug":"by-bus","status":"publish","type":"page","link":"https:\/\/lotnisko.lubuskie.pl\/en\/for-passengers\/access\/by-bus\/","title":{"rendered":"By bus"},"content":{"rendered":"[mk_page_section attachment=&#8221;fixed&#8221; bg_position=&#8221;center center&#8221; bg_repeat=&#8221;no-repeat&#8221; bg_stretch=&#8221;true&#8221; min_height=&#8221;0&#8243; padding_top=&#8221;68&#8243; padding_bottom=&#8221;68&#8243; top_shape_color=&#8221;#ffffff&#8221; bottom_shape_color=&#8221;#ffffff&#8221; section_id=&#8221;bus&#8221; sidebar=&#8221;sidebar-1&#8243;][vc_column width=&#8221;2\/3&#8243;][mk_icon_box2 icon_type=&#8221;image&#8221; icon_size=&#8221;48&#8243; icon_image=&#8221;\/wp-content\/uploads\/ico-bus.svg&#8221; title=&#8221;Bus timetable on the route<br \/>\nZielona G\u00f3ra \u2194 Port Lotniczy&#8221; title_weight=&#8221;bold&#8221; title_color=&#8221;#777777&#8243; title_top_padding=&#8221;0&#8243; align=&#8221;left&#8221; el_class=&#8221;odloty mk-single-content autobus&#8221;]Passengers can reach the airport from Zielona G\u00f3ra by a marked bus, which starts its route from the bus stop at Zarugiewicz St. (parking at the main entrance to Zielona G\u00f3ra Palm House) and stops at Bem St. (under the overpass at the PKP train station, opposite the MZK Customer Service Point) and Sulechowska St. (bus stop at the athletics stadium). The bus takes passengers from the airport after their arriving to Warsaw. <strong>The price of one way ticket is PLN 14.00.<\/strong>[\/mk_icon_box2][mk_table style=&#8221;style2&#8243;]<strong style=\"font-size: inherit;\">\u00a0<\/strong><\/p>\n<p>Please be advised that in connection with the construction of a multi-storey car park on the square next to the Palm House, passengers going to the Zielona G\u00f3ra \/ Babimost Airport may instead use, among others, from the stop located in Zielona G\u00f3ra &#8211; Pl. Pi\u0142sudskiego (MZK stop no. 268 City Hall)<\/p>\n<div id=\"mk-icon-box-10\" class=\"mk-box-icon-2 odloty mk-single-content autobus jupiter-donut- box-align-left \">\n<p><strong><em><u>Dni kursowania:<\/u><\/em><\/strong><\/p>\n<ul>\n<li>1 \u2013 poniedzia\u0142ek<\/li>\n<li>2 \u2013 wtorek<\/li>\n<li>3 \u2013 \u015broda<\/li>\n<li>4 \u2013 czwartek<\/li>\n<li>5 \u2013 pi\u0105tek<\/li>\n<li>7 \u2013 niedziela<\/li>\n<\/ul>\n<\/div>\n<div class=\"mk-fancy-table table-style2 jupiter-donut-\"><\/div>\n<div>\n<p><strong><u>LOT \u2013 wa\u017cny od 10.07.2022<\/u><\/strong><\/p>\n<p><strong><em><u>Odjazd Zielona G\u00f3ra \u2013 Port Lotniczy <\/u><\/em><\/strong><\/p>\n<table>\n<tbody>\n<tr>\n<td width=\"296\">&nbsp;<\/td>\n<td width=\"87\"><strong>1, 2, 3, 5<\/strong><\/td>\n<td width=\"71\"><strong>4<\/strong><\/td>\n<td width=\"71\"><strong>5<\/strong><\/td>\n<td width=\"66\"><strong>2<\/strong><\/td>\n<td width=\"76\"><strong>3,7<\/strong><\/td>\n<td width=\"76\"><strong>4,7<\/strong><\/td>\n<td width=\"76\"><strong>5<\/strong><\/td>\n<\/tr>\n<tr>\n<td width=\"296\"><strong>Zielona G\u00f3ra Dworzec Autobusowy \u2013 stanowisko nr 4<\/strong><\/td>\n<td width=\"87\"><strong>06:55<\/strong><\/td>\n<td width=\"71\"><strong>07:55<\/strong><\/td>\n<td width=\"71\"><strong>08:15<\/strong><\/td>\n<td width=\"66\"><strong>09:30<\/strong><\/td>\n<td width=\"76\"><strong>13:15<\/strong><\/td>\n<td width=\"76\"><strong>18:10<\/strong><\/td>\n<td width=\"76\"><strong>20:00<\/strong><\/td>\n<\/tr>\n<tr>\n<td width=\"296\"><strong>Zielona G\u00f3ra \u2013ul. Staszica<\/strong> <em>Zesp\u00f3\u0142 Szk\u00f3\u0142 Elekt. i\u00a0Samoch.<\/em><\/td>\n<td width=\"87\">06:57<\/td>\n<td width=\"71\">07:57<\/td>\n<td width=\"71\">08:17<\/td>\n<td width=\"66\">09:32<\/td>\n<td width=\"76\">13:17<\/td>\n<td width=\"76\">18:12<\/td>\n<td width=\"76\">20:02<\/td>\n<\/tr>\n<tr>\n<td width=\"296\"><strong>Zielona G\u00f3ra \u2013 Pl. Pi\u0142sudskiego<\/strong><strong><br \/>\n<\/strong>(przystanek MZK nr 268 Urz\u0105d Miasta)<\/td>\n<td width=\"87\">07:02<\/td>\n<td width=\"71\">08:02<\/td>\n<td width=\"71\">08:22<\/td>\n<td width=\"66\">09:37<\/td>\n<td width=\"76\">13:22<\/td>\n<td width=\"76\">18:17<\/td>\n<td width=\"76\">20:07<\/td>\n<\/tr>\n<tr>\n<td width=\"296\"><strong>Zielona G\u00f3ra \u2013 ul. Sulechowska <\/strong>\u2013 stadion<\/td>\n<td width=\"87\">07:09<\/td>\n<td width=\"71\">08:09<\/td>\n<td width=\"71\">08:29<\/td>\n<td width=\"66\">09:44<\/td>\n<td width=\"76\">13:29<\/td>\n<td width=\"76\">18:24<\/td>\n<td width=\"76\">20:14<\/td>\n<\/tr>\n<tr>\n<td width=\"296\"><strong>Port Lotniczy Zielona G\u00f3ra\/Babimost<\/strong><strong><br \/>\n<\/strong>(przed g\u0142\u00f3wnym wej\u015bciem hali odlot\u00f3w)<\/td>\n<td width=\"87\"><strong>07:45<\/strong><\/td>\n<td width=\"71\"><strong>08:45<\/strong><\/td>\n<td width=\"71\"><strong>09:05<\/strong><\/td>\n<td width=\"66\"><strong>10:20<\/strong><\/td>\n<td width=\"76\"><strong>14:05<\/strong><\/td>\n<td width=\"76\"><strong>19:00<\/strong><\/td>\n<td width=\"76\"><strong>20:50<\/strong><\/td>\n<\/tr>\n<\/tbody>\n<\/table>\n<p>&nbsp;<\/p>\n<p>&nbsp;<\/p>\n<p>&nbsp;<\/p>\n<p>&nbsp;<\/p>\n<p>&nbsp;<\/p>\n<p>&nbsp;<\/p>\n<p>&nbsp;<\/p>\n<p>&nbsp;<\/p>\n<p><strong><em><u>Odjazd Port Lotniczy \u2013 Zielona G\u00f3ra<\/u><\/em><\/strong><\/p>\n<p><strong>\u00a0<\/strong><\/p>\n<table>\n<tbody>\n<tr>\n<td width=\"271\">&nbsp;<\/td>\n<td width=\"77\"><strong>5<\/strong><\/td>\n<td width=\"65\"><strong>2<\/strong><\/td>\n<td width=\"66\"><strong>3,7<\/strong><\/td>\n<td width=\"73\"><strong>4,7<\/strong><\/td>\n<td width=\"73\"><strong>7<\/strong><\/td>\n<td width=\"91\"><strong>1, 2, 4, 5<\/strong><\/td>\n<td width=\"76\"><strong>3<\/strong><\/td>\n<\/tr>\n<tr>\n<td width=\"271\"><strong>Port Lotniczy Zielona G\u00f3ra\/Babimost<\/strong><strong><br \/>\n<\/strong>(przed g\u0142\u00f3wnym wej\u015bciem hali odlot\u00f3w)<\/td>\n<td width=\"77\"><strong>10:55<\/strong><\/td>\n<td width=\"65\"><strong>12:10<\/strong><\/td>\n<td width=\"66\"><strong>15:20<\/strong><\/td>\n<td width=\"73\"><strong>19:35<\/strong><\/td>\n<td width=\"73\"><strong>20:25<\/strong><\/td>\n<td width=\"91\"><strong>21:10<\/strong><\/td>\n<td width=\"76\"><strong>22:15<\/strong><\/td>\n<\/tr>\n<tr>\n<td width=\"271\"><strong>Zielona G\u00f3ra \u2013 ul. Sulechowska <\/strong>\u2013 stadion<\/td>\n<td width=\"77\">11:31<\/td>\n<td width=\"65\">12:46<\/td>\n<td width=\"66\">15:56<\/td>\n<td width=\"73\">20:11<\/td>\n<td width=\"73\">21:01<\/td>\n<td width=\"91\">21:46<\/td>\n<td width=\"76\">22:51<\/td>\n<\/tr>\n<tr>\n<td width=\"271\"><strong>Zielona G\u00f3ra \u2013 <\/strong>Pl. Pi\u0142sudskiego<br \/>\n(przystanek MZK nr 268 Urz\u0105d Miasta)<\/td>\n<td width=\"77\">11:38<\/td>\n<td width=\"65\">12:53<\/td>\n<td width=\"66\">16:03<\/td>\n<td width=\"73\">20:18<\/td>\n<td width=\"73\">21:08<\/td>\n<td width=\"91\">21:53<\/td>\n<td width=\"76\">22:58<\/td>\n<\/tr>\n<tr>\n<td width=\"271\"><strong>Zielona G\u00f3ra \u2013ul. Staszica<\/strong> <em>Zesp\u00f3\u0142 Szk\u00f3\u0142 Elekt. i\u00a0Samoch.<\/em><\/td>\n<td width=\"77\">11:43<\/td>\n<td width=\"65\">12:58<\/td>\n<td width=\"66\">16:08<\/td>\n<td width=\"73\">20:23<\/td>\n<td width=\"73\">21:13<\/td>\n<td width=\"91\">21:58<\/td>\n<td width=\"76\">23:03<\/td>\n<\/tr>\n<tr>\n<td width=\"271\"><strong>Zielona G\u00f3ra Dworzec Autobusowy<\/strong><\/td>\n<td width=\"77\"><strong>11:45<\/strong><\/td>\n<td width=\"65\"><strong>13:00<\/strong><\/td>\n<td width=\"66\"><strong>16:10<\/strong><\/td>\n<td width=\"73\"><strong>20:25<\/strong><\/td>\n<td width=\"73\"><strong>21:15<\/strong><\/td>\n<td width=\"91\"><strong>22:00<\/strong><\/td>\n<td width=\"76\"><strong>23:05<\/strong><\/td>\n<\/tr>\n<\/tbody>\n<\/table>\n<p>&nbsp;<\/p>\n<\/div>\n[\/mk_table][mk_table style=&#8221;style2&#8243;][\/mk_table][mk_padding_divider size=&#8221;68&#8243; visibility=&#8221;visible-sm&#8221;][\/vc_column][vc_column width=&#8221;1\/3&#8243;][mk_custom_sidebar sidebar=&#8221;sidebar-25&#8243;][\/vc_column][\/mk_page_section][mk_page_section bg_image=&#8221;\/wp-content\/uploads\/pasek.svg&#8221; min_height=&#8221;5&#8243; padding_top=&#8221;0&#8243; padding_bottom=&#8221;0&#8243; sidebar=&#8221;sidebar-1&#8243;][vc_column][\/vc_column][\/mk_page_section]\n<div class=\"gsp_post_data\" \r\n\t            data-post_type=\"page\" \r\n\t            data-cat=\"\" \r\n\t            data-modified=\"120\"\r\n\t            data-created=\"1482423623\"\r\n\t            data-title=\"By bus\" \r\n\t            data-home=\"https:\/\/lotnisko.lubuskie.pl\/en\/\"><\/div>","protected":false},"excerpt":{"rendered":"<p>[mk_page_section attachment=&#8221;fixed&#8221; bg_position=&#8221;center center&#8221; bg_repeat=&#8221;no-repeat&#8221; bg_stretch=&#8221;true&#8221; min_height=&#8221;0&#8243; padding_top=&#8221;68&#8243; padding_bottom=&#8221;68&#8243; top_shape_color=&#8221;#ffffff&#8221; bottom_shape_color=&#8221;#ffffff&#8221; section_id=&#8221;bus&#8221; sidebar=&#8221;sidebar-1&#8243;][vc_column width=&#8221;2\/3&#8243;][mk_icon_box2 icon_type=&#8221;image&#8221; icon_size=&#8221;48&#8243; icon_image=&#8221;\/wp-content\/uploads\/ico-bus.svg&#8221; title=&#8221;Bus timetable on the route Zielona G\u00f3ra \u2194 Port Lotniczy&#8221; title_weight=&#8221;bold&#8221; title_color=&#8221;#777777&#8243; title_top_padding=&#8221;0&#8243; align=&#8221;left&#8221; el_class=&#8221;odloty mk-single-content autobus&#8221;]Passengers can reach the airport from Zielona G\u00f3ra by a marked bus, which starts its route from the bus stop at Zarugiewicz [&hellip;]<\/p>\n","protected":false},"author":8,"featured_media":1459,"parent":1680,"menu_order":221,"comment_status":"closed","ping_status":"closed","template":"","meta":{"rs_blank_template":"","rs_page_bg_color":"","slide_template_v7":"","inline_featured_image":false,"footnotes":""},"class_list":["post-1683","page","type-page","status-publish","has-post-thumbnail","hentry"],"publishpress_future_action":{"enabled":false,"date":"2026-05-08 17:20:39","action":"change-status","newStatus":"draft","terms":[],"taxonomy":"translation_priority","extraData":[]},"publishpress_future_workflow_manual_trigger":{"enabledWorkflows":[]},"_links":{"self":[{"href":"https:\/\/lotnisko.lubuskie.pl\/en\/wp-json\/wp\/v2\/pages\/1683","targetHints":{"allow":["GET"]}}],"collection":[{"href":"https:\/\/lotnisko.lubuskie.pl\/en\/wp-json\/wp\/v2\/pages"}],"about":[{"href":"https:\/\/lotnisko.lubuskie.pl\/en\/wp-json\/wp\/v2\/types\/page"}],"author":[{"embeddable":true,"href":"https:\/\/lotnisko.lubuskie.pl\/en\/wp-json\/wp\/v2\/users\/8"}],"replies":[{"embeddable":true,"href":"https:\/\/lotnisko.lubuskie.pl\/en\/wp-json\/wp\/v2\/comments?post=1683"}],"version-history":[{"count":17,"href":"https:\/\/lotnisko.lubuskie.pl\/en\/wp-json\/wp\/v2\/pages\/1683\/revisions"}],"predecessor-version":[{"id":4244,"href":"https:\/\/lotnisko.lubuskie.pl\/en\/wp-json\/wp\/v2\/pages\/1683\/revisions\/4244"}],"up":[{"embeddable":true,"href":"https:\/\/lotnisko.lubuskie.pl\/en\/wp-json\/wp\/v2\/pages\/1680"}],"wp:featuredmedia":[{"embeddable":true,"href":"https:\/\/lotnisko.lubuskie.pl\/en\/wp-json\/wp\/v2\/media\/1459"}],"wp:attachment":[{"href":"https:\/\/lotnisko.lubuskie.pl\/en\/wp-json\/wp\/v2\/media?parent=1683"}],"curies":[{"name":"wp","href":"https:\/\/api.w.org\/{rel}","templated":true}]}}