{"id":1809,"date":"2017-01-05T11:00:19","date_gmt":"2017-01-05T10:00:19","guid":{"rendered":"https:\/\/lotnisko.lubuskie.pl\/dla-biznesu\/oferta\/oplaty-lotniskowe\/"},"modified":"2019-03-08T10:16:51","modified_gmt":"2019-03-08T09:16:51","slug":"airport-charges","status":"publish","type":"page","link":"https:\/\/lotnisko.lubuskie.pl\/en\/for-business\/offer\/airport-charges\/","title":{"rendered":"Airport charges"},"content":{"rendered":"[mk_page_section attachment=&#8221;fixed&#8221; bg_position=&#8221;center center&#8221; bg_repeat=&#8221;no-repeat&#8221; bg_stretch=&#8221;true&#8221; min_height=&#8221;0&#8243; padding_top=&#8221;68&#8243; padding_bottom=&#8221;68&#8243; sidebar=&#8221;sidebar-1&#8243;][vc_column width=&#8221;2\/3&#8243;][mk_table style=&#8221;style2&#8243; el_class=&#8221;tabelka&#8221;]\n<table width=\"100%\">\n<tbody>\n<tr>\n<th style=\"text-align: left;\" colspan=\"2\">Landing fee for<\/th>\n<\/tr>\n<tr>\n<td style=\"text-align: left;\">an aircraft with a take-off mass \u2264 2 t<\/td>\n<td style=\"text-align: right;\">50 PLN<\/td>\n<\/tr>\n<tr>\n<td style=\"text-align: left;\">an aircraft with a take-off mass&gt; 2<\/td>\n<td style=\"text-align: right;\">30 PLN\/t*<\/td>\n<\/tr>\n<tr>\n<td style=\"text-align: left;\">Helicopter<\/td>\n<td style=\"text-align: right;\">15\u00a0PLN\/t*<\/td>\n<\/tr>\n<\/tbody>\n<\/table>\n<p><em>*) For every tone<\/em>[\/mk_table][mk_table style=&#8221;style2&#8243;]\n<table width=\"100%\">\n<tbody>\n<tr>\n<th style=\"text-align: left;\" colspan=\"2\">Passenger charge<\/th>\n<\/tr>\n<tr>\n<td style=\"text-align: left;\">Passenger charge<\/td>\n<td style=\"text-align: right;\">24 PLN<\/td>\n<\/tr>\n<\/tbody>\n<\/table>\n[\/mk_table][mk_table style=&#8221;style2&#8243;]\n<table width=\"100%\">\n<tbody>\n<tr>\n<th style=\"text-align: left;\" colspan=\"2\">Parking fees<\/th>\n<\/tr>\n<tr>\n<td style=\"text-align: left;\">an aircraft with a take-off mass \u2264 2 t<\/p>\n<p>Each started 24 h of standing<\/td>\n<td style=\"text-align: right;\">8 PLN<\/p>\n<p>4\u00a0PLN\/t*<\/td>\n<\/tr>\n<\/tbody>\n<\/table>\n<p><em>*) for each started the maximum mass takeoff <\/em>[\/mk_table][mk_button dimension=&#8221;outline&#8221; corner_style=&#8221;rounded&#8221; url=&#8221;\/wp-content\/uploads\/cennik-uslug-pozalotniczych.pdf&#8221; target=&#8221;_blank&#8221; outline_skin=&#8221;custom&#8221; outline_active_color=&#8221;#94c11f&#8221; outline_hover_bg_color=&#8221;#94c11f&#8221; outline_hover_color=&#8221;#ffffff&#8221;]Handling[\/mk_button][mk_padding_divider size=&#8221;0&#8243;][mk_table style=&#8221;style2&#8243;]\n<table width=\"100%\">\n<tbody>\n<tr>\n<th style=\"text-align: left;\" colspan=\"2\">Standard ground handling<\/th>\n<\/tr>\n<tr>\n<td style=\"text-align: left;\">airplane with a take-off mass &lt; 2 t<\/td>\n<td style=\"text-align: right;\">50 PLN<\/td>\n<\/tr>\n<tr>\n<td style=\"text-align: left;\">airplane with a take-off mass of\u00a02 t &#8211; 100 t<\/td>\n<td style=\"text-align: right;\">40\u00a0PLN za ka\u017cd\u0105 rozpocz\u0119t\u0105 ton\u0119<\/td>\n<\/tr>\n<tr>\n<td style=\"text-align: left;\">airplane with a take-off mass of\u00a0100 &#8211; 200 t<\/td>\n<td style=\"text-align: right;\">30 PLN za ka\u017cd\u0105 rozpocz\u0119t\u0105 ton\u0119<\/td>\n<\/tr>\n<tr>\n<td style=\"text-align: left;\">airplane with a take-off mass &gt; 200 t<\/td>\n<td style=\"text-align: right;\">20 PLN za ka\u017cd\u0105 rozpocz\u0119t\u0105 ton\u0119<\/td>\n<\/tr>\n<\/tbody>\n<\/table>\n<p><em>The fee for standard ground handling of small aircraft includes: agent assistance, unloading and loading of luggage, transport on board and it is calculated according to the maximum take-off weight (net price).<\/em>[\/mk_table][mk_table style=&#8221;style2&#8243;]\n<table width=\"100%\">\n<tbody>\n<tr>\n<th style=\"text-align: left;\" colspan=\"2\">Aviation fuel<\/th>\n<\/tr>\n<tr>\n<td style=\"text-align: left;\">Jet A-1<\/td>\n<td style=\"text-align: right;\">3,53 PLN\/l<\/td>\n<\/tr>\n<tr>\n<td style=\"text-align: left;\">Avgass 100 LL<\/td>\n<td style=\"text-align: right;\">7,20 PLN\/l<\/td>\n<\/tr>\n<\/tbody>\n<\/table>\n[\/mk_table][mk_padding_divider size=&#8221;42&#8243;][mk_custom_list style=&#8221;e1a5&#8243; icon_color=&#8221;#ef7d00&#8243; margin_bottom=&#8221;0&#8243; el_class=&#8221;mk-single-content&#8221;]The above prices do not include VAT and excise tax.<\/p>\n<p>In order to purchase fuel at a rate of 0% VAT\u00a0it is necessary to:<\/p>\n<ul>\n<li>be present on the current list of air carriers operating mainly in international transport (published by the President of the Civil Aviation Authority or by the appropriate authority for the carrier)<\/li>\n<li>Where the country of establishment of the carrier is not listed and the buyer is not on the list published by the President of the Civil Aviation Authority as a prerequisite for applying the 0% VAT rate, the original of the official document confirming recognition of the carrier seat, mainly engaged in international transport (e.g. concession, \u00a0AOC certification or other equivalent document confirming the right to carry international transport).<\/li>\n<\/ul>\n[\/mk_custom_list][mk_padding_divider size=&#8221;26&#8243; visibility=&#8221;visible-sm&#8221;][\/vc_column][vc_column width=&#8221;1\/3&#8243;][mk_custom_sidebar sidebar=&#8221;sidebar-26&#8243;][\/vc_column][\/mk_page_section][mk_page_section bg_image=&#8221;\/wp-content\/uploads\/pasek.svg&#8221; min_height=&#8221;5&#8243; padding_top=&#8221;0&#8243; padding_bottom=&#8221;0&#8243; sidebar=&#8221;sidebar-1&#8243;][vc_column][\/vc_column][\/mk_page_section]\n<div class=\"gsp_post_data\" \r\n\t            data-post_type=\"page\" \r\n\t            data-cat=\"\" \r\n\t            data-modified=\"120\"\r\n\t            data-created=\"1483614019\"\r\n\t            data-title=\"Airport charges\" \r\n\t            data-home=\"https:\/\/lotnisko.lubuskie.pl\/en\/\"><\/div>","protected":false},"excerpt":{"rendered":"<p>[mk_page_section attachment=&#8221;fixed&#8221; bg_position=&#8221;center center&#8221; bg_repeat=&#8221;no-repeat&#8221; bg_stretch=&#8221;true&#8221; min_height=&#8221;0&#8243; padding_top=&#8221;68&#8243; padding_bottom=&#8221;68&#8243; sidebar=&#8221;sidebar-1&#8243;][vc_column width=&#8221;2\/3&#8243;][mk_table style=&#8221;style2&#8243; el_class=&#8221;tabelka&#8221;] Landing fee for an aircraft with a take-off mass \u2264 2 t 50 PLN an aircraft with a take-off mass&gt; 2 30 PLN\/t* Helicopter 15\u00a0PLN\/t* *) For every tone[\/mk_table][mk_table style=&#8221;style2&#8243;] Passenger charge Passenger charge 24 PLN [\/mk_table][mk_table style=&#8221;style2&#8243;] Parking fees an aircraft [&hellip;]<\/p>\n","protected":false},"author":8,"featured_media":1485,"parent":1786,"menu_order":425,"comment_status":"closed","ping_status":"closed","template":"","meta":{"rs_blank_template":"","rs_page_bg_color":"","slide_template_v7":"","inline_featured_image":false,"footnotes":""},"class_list":["post-1809","page","type-page","status-publish","has-post-thumbnail","hentry"],"publishpress_future_action":{"enabled":false,"date":"2026-05-08 17:37:32","action":"change-status","newStatus":"draft","terms":[],"taxonomy":"translation_priority","extraData":[]},"publishpress_future_workflow_manual_trigger":{"enabledWorkflows":[]},"_links":{"self":[{"href":"https:\/\/lotnisko.lubuskie.pl\/en\/wp-json\/wp\/v2\/pages\/1809","targetHints":{"allow":["GET"]}}],"collection":[{"href":"https:\/\/lotnisko.lubuskie.pl\/en\/wp-json\/wp\/v2\/pages"}],"about":[{"href":"https:\/\/lotnisko.lubuskie.pl\/en\/wp-json\/wp\/v2\/types\/page"}],"author":[{"embeddable":true,"href":"https:\/\/lotnisko.lubuskie.pl\/en\/wp-json\/wp\/v2\/users\/8"}],"replies":[{"embeddable":true,"href":"https:\/\/lotnisko.lubuskie.pl\/en\/wp-json\/wp\/v2\/comments?post=1809"}],"version-history":[{"count":15,"href":"https:\/\/lotnisko.lubuskie.pl\/en\/wp-json\/wp\/v2\/pages\/1809\/revisions"}],"predecessor-version":[{"id":2932,"href":"https:\/\/lotnisko.lubuskie.pl\/en\/wp-json\/wp\/v2\/pages\/1809\/revisions\/2932"}],"up":[{"embeddable":true,"href":"https:\/\/lotnisko.lubuskie.pl\/en\/wp-json\/wp\/v2\/pages\/1786"}],"wp:featuredmedia":[{"embeddable":true,"href":"https:\/\/lotnisko.lubuskie.pl\/en\/wp-json\/wp\/v2\/media\/1485"}],"wp:attachment":[{"href":"https:\/\/lotnisko.lubuskie.pl\/en\/wp-json\/wp\/v2\/media?parent=1809"}],"curies":[{"name":"wp","href":"https:\/\/api.w.org\/{rel}","templated":true}]}}